{"id":3197,"date":"2025-01-18T21:30:12","date_gmt":"2025-01-18T19:30:12","guid":{"rendered":"https:\/\/fespm.es\/?post_type=product&#038;p=3197"},"modified":"2025-01-18T21:32:21","modified_gmt":"2025-01-18T19:32:21","slug":"magia-en-el-pais-de-las-matematicas-pedro-alegria","status":"publish","type":"product","link":"https:\/\/fespm.es\/index.php\/producto\/magia-en-el-pais-de-las-matematicas-pedro-alegria\/","title":{"rendered":"Magia en el pa\u00eds de las matem\u00e1ticas pedro Alegr\u00eda"},"content":{"rendered":"<p>Magia y matem\u00e1ticas han estado entrelazadas a lo largo de la historia. Las antiguas civilizaciones china y egipcia, la escuela pitag\u00f3rica o la filosof\u00eda de Plat\u00f3n consideraron los n\u00fameros como entidades casi m\u00e1gicas, reveladoras de la verdad oculta del universo y de la naturaleza. Este libro se sumerge en el mundo de las matem\u00e1ticas, entendido no solo como un lenguaje abstracto de f\u00f3rmulas y ecuaciones, sino como una forma de magia asombrosa y divertida. De la mano de Alicia y su gu\u00eda el Conejo Blanco, c\u00e9lebres personajes de la obra de Lewis Carroll, este libro se adentra en el \u201cpa\u00eds de las maravillas matem\u00e1ticas\u201d.<\/p>\n","protected":false},"excerpt":{"rendered":"<h4 class=\"book-claim\">El mundo de las matem\u00e1ticas entendido tambi\u00e9n como una forma de magia asombrosa y divertida de la mano de Lewis Carroll y Alicia en el pa\u00eds de las maravillas.<\/h4>\n","protected":false},"featured_media":3191,"comment_status":"open","ping_status":"closed","template":"","meta":[],"product_cat":[95,79],"product_tag":[],"class_list":["post-3197","product","type-product","status-publish","has-post-thumbnail","hentry","product_cat-miradas-matematicas","product_cat-papel"],"_links":{"self":[{"href":"https:\/\/fespm.es\/index.php\/wp-json\/wp\/v2\/product\/3197","targetHints":{"allow":["GET"]}}],"collection":[{"href":"https:\/\/fespm.es\/index.php\/wp-json\/wp\/v2\/product"}],"about":[{"href":"https:\/\/fespm.es\/index.php\/wp-json\/wp\/v2\/types\/product"}],"replies":[{"embeddable":true,"href":"https:\/\/fespm.es\/index.php\/wp-json\/wp\/v2\/comments?post=3197"}],"wp:featuredmedia":[{"embeddable":true,"href":"https:\/\/fespm.es\/index.php\/wp-json\/wp\/v2\/media\/3191"}],"wp:attachment":[{"href":"https:\/\/fespm.es\/index.php\/wp-json\/wp\/v2\/media?parent=3197"}],"wp:term":[{"taxonomy":"product_cat","embeddable":true,"href":"https:\/\/fespm.es\/index.php\/wp-json\/wp\/v2\/product_cat?post=3197"},{"taxonomy":"product_tag","embeddable":true,"href":"https:\/\/fespm.es\/index.php\/wp-json\/wp\/v2\/product_tag?post=3197"}],"curies":[{"name":"wp","href":"https:\/\/api.w.org\/{rel}","templated":true}]}}