{"id":2846,"date":"2024-02-25T13:56:01","date_gmt":"2024-02-25T11:56:01","guid":{"rendered":"https:\/\/fespm.es\/?post_type=product&#038;p=2846"},"modified":"2024-02-25T13:58:42","modified_gmt":"2024-02-25T11:58:42","slug":"la-enganosa-sencillez-de-los-triangulos-manuel-de-leon-agata-timon","status":"publish","type":"product","link":"https:\/\/fespm.es\/index.php\/producto\/la-enganosa-sencillez-de-los-triangulos-manuel-de-leon-agata-timon\/","title":{"rendered":"La enga\u00f1osa sencillez de los tri\u00e1ngulos Manuel de Le\u00f3n, \u00c1gata Tim\u00f3n"},"content":{"rendered":"<p>Los tri\u00e1ngulos han despertado la curiosidad de las mentes m\u00e1s brillantes desde la Antig\u00fcedad cl\u00e1sica hasta la actualidad, en problemas de investigaci\u00f3n te\u00f3rica (en el c\u00e1lculo de \u00e1reas y vol\u00famenes de objetos complejos, en las curvas el\u00edpticas, en la fractalidad) y en su aplicaci\u00f3n a cuestiones reales, como el desarrollo de los sistemas de GPS, el dise\u00f1o y la arquitectura. Sin embargo, esta \u00abmagia\u00bb de los tri\u00e1ngulos no siempre resulta evidente para el alumnado que estudia sus propiedades y aplica el teorema de Pit\u00e1goras como una receta. Frente a ello este libro ofrece al profesorado de Matem\u00e1ticas, tanto de la ESO como de Bachillerato, algunos de los avances en la disciplina y propuestas para su trabajo en el aula con la intenci\u00f3n de acercar la fascinaci\u00f3n por este sencillo objeto geom\u00e9trico a las aulas.<\/p>\n","protected":false},"excerpt":{"rendered":"<p>De la f\u00f3rmula de Her\u00f3n a la criptograf\u00eda<\/p>\n","protected":false},"featured_media":2847,"comment_status":"open","ping_status":"closed","template":"","meta":[],"product_cat":[95,79,77],"product_tag":[],"class_list":["post-2846","product","type-product","status-publish","has-post-thumbnail","hentry","product_cat-miradas-matematicas","product_cat-papel","product_cat-publicaciones"],"_links":{"self":[{"href":"https:\/\/fespm.es\/index.php\/wp-json\/wp\/v2\/product\/2846","targetHints":{"allow":["GET"]}}],"collection":[{"href":"https:\/\/fespm.es\/index.php\/wp-json\/wp\/v2\/product"}],"about":[{"href":"https:\/\/fespm.es\/index.php\/wp-json\/wp\/v2\/types\/product"}],"replies":[{"embeddable":true,"href":"https:\/\/fespm.es\/index.php\/wp-json\/wp\/v2\/comments?post=2846"}],"wp:featuredmedia":[{"embeddable":true,"href":"https:\/\/fespm.es\/index.php\/wp-json\/wp\/v2\/media\/2847"}],"wp:attachment":[{"href":"https:\/\/fespm.es\/index.php\/wp-json\/wp\/v2\/media?parent=2846"}],"wp:term":[{"taxonomy":"product_cat","embeddable":true,"href":"https:\/\/fespm.es\/index.php\/wp-json\/wp\/v2\/product_cat?post=2846"},{"taxonomy":"product_tag","embeddable":true,"href":"https:\/\/fespm.es\/index.php\/wp-json\/wp\/v2\/product_tag?post=2846"}],"curies":[{"name":"wp","href":"https:\/\/api.w.org\/{rel}","templated":true}]}}