{"id":2811,"date":"2024-02-17T20:26:01","date_gmt":"2024-02-17T18:26:01","guid":{"rendered":"https:\/\/fespm.es\/?post_type=product&#038;p=2811"},"modified":"2024-02-17T20:26:01","modified_gmt":"2024-02-17T18:26:01","slug":"azar-y-probabilidad-en-matematicas-santiago-fernandez-fernandez","status":"publish","type":"product","link":"https:\/\/fespm.es\/index.php\/producto\/azar-y-probabilidad-en-matematicas-santiago-fernandez-fernandez\/","title":{"rendered":"Azar y probabilidad en matem\u00e1ticas Santiago Fern\u00e1ndez Fern\u00e1ndez"},"content":{"rendered":"<section>\n<div class=\"book-synopsis\">\n<p>Las situaciones azarosas atraviesan la vida cotidiana y de su experiencia podemos obtener una idea intuitiva y b\u00e1sica de la probabilidad de ocurrencia de los fen\u00f3menos aleatorios. Formalmente, la probabilidad es el c\u00e1lculo matem\u00e1tico que eval\u00faa las posibilidades de que un suceso ocurra cuando interviene el azar. La variaci\u00f3n de los precios de materias primas, los tratamientos m\u00e9dicos, los juegos de azar, las previsiones meteorol\u00f3gicas, el an\u00e1lisis de riesgos o la estimaci\u00f3n de la esperanza de vida son solo algunos de los contextos, vinculados a la toma de decisiones, que requieren del c\u00e1lculo de probabilidades y de la estad\u00edstica. Este libro nos introduce en la probabilidad como teor\u00eda matem\u00e1tica, presentando distintos t\u00f3picos y situaciones en los que intervienen argumentos y m\u00e9todos probabil\u00edsticos. Siendo hoy uno de los campos de la matem\u00e1tica con m\u00e1s aplicaciones, repasa su historia y la formulaci\u00f3n de sus principales leyes, teoremas y paradojas, vinculados a los nombres, entre otros, de Cardano, Galileo, Fermat, Pascal, Huygens, Bernoulli o Gauss, y especialmente de Laplace y Kolmog\u00f3rov. Ofrece, adem\u00e1s, una reflexi\u00f3n y una propuesta did\u00e1ctica orientada al profesorado y alumnado de secundaria y bachillerato para una mejor ense\u00f1anza y adquisici\u00f3n de la teor\u00eda de la probabilidad.<\/p>\n<\/div>\n<\/section>\n<section class=\"row-fluid book-actions\">\n<div class=\"book-definitions span4\"><\/div>\n<\/section>\n","protected":false},"excerpt":{"rendered":"<p>Una introducci\u00f3n a la probabilidad como teor\u00eda matem\u00e1tica, presentando t\u00f3picos en los que interviene el azar, sus leyes, su historia y una propuesta did\u00e1ctica.<\/p>\n","protected":false},"featured_media":2812,"comment_status":"open","ping_status":"closed","template":"","meta":[],"product_cat":[95,79,77],"product_tag":[],"class_list":["post-2811","product","type-product","status-publish","has-post-thumbnail","hentry","product_cat-miradas-matematicas","product_cat-papel","product_cat-publicaciones"],"_links":{"self":[{"href":"https:\/\/fespm.es\/index.php\/wp-json\/wp\/v2\/product\/2811","targetHints":{"allow":["GET"]}}],"collection":[{"href":"https:\/\/fespm.es\/index.php\/wp-json\/wp\/v2\/product"}],"about":[{"href":"https:\/\/fespm.es\/index.php\/wp-json\/wp\/v2\/types\/product"}],"replies":[{"embeddable":true,"href":"https:\/\/fespm.es\/index.php\/wp-json\/wp\/v2\/comments?post=2811"}],"wp:featuredmedia":[{"embeddable":true,"href":"https:\/\/fespm.es\/index.php\/wp-json\/wp\/v2\/media\/2812"}],"wp:attachment":[{"href":"https:\/\/fespm.es\/index.php\/wp-json\/wp\/v2\/media?parent=2811"}],"wp:term":[{"taxonomy":"product_cat","embeddable":true,"href":"https:\/\/fespm.es\/index.php\/wp-json\/wp\/v2\/product_cat?post=2811"},{"taxonomy":"product_tag","embeddable":true,"href":"https:\/\/fespm.es\/index.php\/wp-json\/wp\/v2\/product_tag?post=2811"}],"curies":[{"name":"wp","href":"https:\/\/api.w.org\/{rel}","templated":true}]}}