{"id":2797,"date":"2024-02-12T22:35:37","date_gmt":"2024-02-12T20:35:37","guid":{"rendered":"https:\/\/fespm.es\/?post_type=product&#038;p=2797"},"modified":"2024-02-12T22:35:37","modified_gmt":"2024-02-12T20:35:37","slug":"la-reticula-matematica-miquel-alberti-palmer","status":"publish","type":"product","link":"https:\/\/fespm.es\/index.php\/producto\/la-reticula-matematica-miquel-alberti-palmer\/","title":{"rendered":"La ret\u00edcula matem\u00e1tica Miquel Albert\u00ed Palmer"},"content":{"rendered":"<p>Los cuadernos pautados, los dise\u00f1os de suelos y fachadas, los p\u00edxeles de un monitor y, por supuesto, el sistema de coordenadas cartesiano&#8230; en todos ellos reconocemos la ret\u00edcula como forma geom\u00e9trica b\u00e1sica. Este libro propone una exploraci\u00f3n de la ret\u00edcula, su uso y su papel como recurso de aprendizaje matem\u00e1tico. El autor pone a prueba el significado del t\u00e9rmino centro en tres sistemas reticulares: la cuadr\u00edcula, la ret\u00edcula polar y la isom\u00e9trica. La ret\u00edcula inspira otra versi\u00f3n de la criba de Erat\u00f3stenes para seleccionar n\u00fameros primos y sirve de ayuda en la resoluci\u00f3n de problemas de coincidencias, combinatoria y topolog\u00eda. Se propone una aproximaci\u00f3n did\u00e1ctica del teorema de Pit\u00e1goras motivada por la percepci\u00f3n del alumnado y una herramienta para la medida casi directa de las \u00e1reas. Se destaca el papel de la cuadr\u00edcula en los teoremas de Pick, de Nic\u00f3maco y en el algoritmo de Bresenham. Se abordan los usos de la ret\u00edcula en el ajedrez, el\u00a0<em>Tetris<\/em>, los juegos de ordenador y el dise\u00f1o textil. Finalmente, las ret\u00edculas compuestas por los trastes y las cuerdas de una guitarra inspiran los teoremas que explican geom\u00e9tricamente su correcta entonaci\u00f3n. Estas incursiones se completan con una amplia variedad de actividades abiertas acompa\u00f1adas de indicaciones metodol\u00f3gicas y dirigidas a todos los niveles educativos.<\/p>\n","protected":false},"excerpt":{"rendered":"<h4 class=\"book-claim\">Una exploraci\u00f3n de la ret\u00edcula, su uso y su papel como recurso de aprendizaje matem\u00e1tico.<\/h4>\n","protected":false},"featured_media":2798,"comment_status":"open","ping_status":"closed","template":"","meta":[],"product_cat":[95,79,77],"product_tag":[],"class_list":["post-2797","product","type-product","status-publish","has-post-thumbnail","hentry","product_cat-miradas-matematicas","product_cat-papel","product_cat-publicaciones"],"_links":{"self":[{"href":"https:\/\/fespm.es\/index.php\/wp-json\/wp\/v2\/product\/2797","targetHints":{"allow":["GET"]}}],"collection":[{"href":"https:\/\/fespm.es\/index.php\/wp-json\/wp\/v2\/product"}],"about":[{"href":"https:\/\/fespm.es\/index.php\/wp-json\/wp\/v2\/types\/product"}],"replies":[{"embeddable":true,"href":"https:\/\/fespm.es\/index.php\/wp-json\/wp\/v2\/comments?post=2797"}],"wp:featuredmedia":[{"embeddable":true,"href":"https:\/\/fespm.es\/index.php\/wp-json\/wp\/v2\/media\/2798"}],"wp:attachment":[{"href":"https:\/\/fespm.es\/index.php\/wp-json\/wp\/v2\/media?parent=2797"}],"wp:term":[{"taxonomy":"product_cat","embeddable":true,"href":"https:\/\/fespm.es\/index.php\/wp-json\/wp\/v2\/product_cat?post=2797"},{"taxonomy":"product_tag","embeddable":true,"href":"https:\/\/fespm.es\/index.php\/wp-json\/wp\/v2\/product_tag?post=2797"}],"curies":[{"name":"wp","href":"https:\/\/api.w.org\/{rel}","templated":true}]}}