{"id":2795,"date":"2024-02-12T22:31:29","date_gmt":"2024-02-12T20:31:29","guid":{"rendered":"https:\/\/fespm.es\/?post_type=product&#038;p=2795"},"modified":"2024-02-12T22:31:29","modified_gmt":"2024-02-12T20:31:29","slug":"geometria-y-diseno-claudi-alsina","status":"publish","type":"product","link":"https:\/\/fespm.es\/index.php\/producto\/geometria-y-diseno-claudi-alsina\/","title":{"rendered":"Geometr\u00eda y dise\u00f1o Claudi Alsina"},"content":{"rendered":"<section>\n<div class=\"book-synopsis\">\n<p>Nuestro mundo es un mundo dise\u00f1ado. Presente a lo largo de la historia como una constante antropol\u00f3gica, es a trav\u00e9s del dise\u00f1o, ya sea artesanal o industrial, que los humanos han ideado artilugios y transformado espacios, buscando dar respuesta a diversos problemas y necesidades, contribuyendo al progreso material de la humanidad. El dise\u00f1o es as\u00ed una actividad muy matem\u00e1tica: no solo porque se orienta a la resoluci\u00f3n de problemas, sino porque el enorme repertorio que constituyen las \u201cformas de lo \u00fatil\u201d responde a patrones geom\u00e9tricos. La geometr\u00eda resulta clave en la optimizaci\u00f3n, eficiencia y apariencia est\u00e9tica de los objetos que nos rodean. Este libro propone una aproximaci\u00f3n al dise\u00f1o de una variedad de distintos objetos, muchos de ellos cotidianos, a partir del estudio de sus formas geom\u00e9tricas, centrando su atenci\u00f3n en los cuerpos redondos (tales como esferas, conos y cilindros) y poli\u00e9dricos, as\u00ed como en otros, como los que dan forma a tenedores o paraguas, a objetos plegables o muebles. A trav\u00e9s de numerosos ejemplos de dise\u00f1o, tan did\u00e1cticos como divertidos, nos invita a descubrir sus propiedades geom\u00e9tricas y a explorar las formas y funciones del dise\u00f1o, que inciden en su apariencia, eficiencia y calidad.<\/p>\n<\/div>\n<\/section>\n<section class=\"row-fluid book-actions\">\n<div class=\"book-definitions span4\"><\/div>\n<\/section>\n","protected":false},"excerpt":{"rendered":"<p>Los objetos cotidianos adoptan infinidad de formas que el gran divulgador Claudi Alsina nos descubre en esta amena e instructiva exploraci\u00f3n de la geometr\u00eda y el dise\u00f1o.<\/p>\n","protected":false},"featured_media":2796,"comment_status":"open","ping_status":"closed","template":"","meta":[],"product_cat":[95,79,77],"product_tag":[98],"class_list":["post-2795","product","type-product","status-publish","has-post-thumbnail","hentry","product_cat-miradas-matematicas","product_cat-papel","product_cat-publicaciones","product_tag-geometria"],"_links":{"self":[{"href":"https:\/\/fespm.es\/index.php\/wp-json\/wp\/v2\/product\/2795","targetHints":{"allow":["GET"]}}],"collection":[{"href":"https:\/\/fespm.es\/index.php\/wp-json\/wp\/v2\/product"}],"about":[{"href":"https:\/\/fespm.es\/index.php\/wp-json\/wp\/v2\/types\/product"}],"replies":[{"embeddable":true,"href":"https:\/\/fespm.es\/index.php\/wp-json\/wp\/v2\/comments?post=2795"}],"wp:featuredmedia":[{"embeddable":true,"href":"https:\/\/fespm.es\/index.php\/wp-json\/wp\/v2\/media\/2796"}],"wp:attachment":[{"href":"https:\/\/fespm.es\/index.php\/wp-json\/wp\/v2\/media?parent=2795"}],"wp:term":[{"taxonomy":"product_cat","embeddable":true,"href":"https:\/\/fespm.es\/index.php\/wp-json\/wp\/v2\/product_cat?post=2795"},{"taxonomy":"product_tag","embeddable":true,"href":"https:\/\/fespm.es\/index.php\/wp-json\/wp\/v2\/product_tag?post=2795"}],"curies":[{"name":"wp","href":"https:\/\/api.w.org\/{rel}","templated":true}]}}