{"id":2792,"date":"2024-02-12T14:12:09","date_gmt":"2024-02-12T12:12:09","guid":{"rendered":"https:\/\/fespm.es\/?post_type=product&#038;p=2792"},"modified":"2024-02-12T14:12:09","modified_gmt":"2024-02-12T12:12:09","slug":"matematicas-a-traves-del-cine-alfonso-jesus-poblacion-saez","status":"publish","type":"product","link":"https:\/\/fespm.es\/index.php\/producto\/matematicas-a-traves-del-cine-alfonso-jesus-poblacion-saez\/","title":{"rendered":"Matem\u00e1ticas a trav\u00e9s del cine Alfonso Jes\u00fas Poblaci\u00f3n S\u00e1ez"},"content":{"rendered":"<section>\n<div class=\"book-synopsis\">\n<p>Con un planteamiento distinto al tradicional libro de texto, este volumen propone un acercamiento alternativo y complementario a los contenidos de esta asignatura: recurriendo al aprendizaje basado en problemas como metodolog\u00eda y al cine como recurso did\u00e1ctico. Al hilo de la visualizaci\u00f3n de distintas secuencias o di\u00e1logos de pel\u00edculas, que plantean situaciones sencillas y cotidianas, introduce una variedad de cuestiones y actividades matem\u00e1ticas para trabajar con el alumnado, en un contexto que pretende ser motivador y enriquecedor, convirti\u00e9ndolo en parte activa de su aprendizaje. Los ejemplos y ejercicios propuestos, de diferente grado de complejidad y de los que tambi\u00e9n se ofrecen soluciones en muchos casos, se organizan en torno a tres \u00e1reas de las matem\u00e1ticas cl\u00e1sicas: aritm\u00e9tica, \u00e1lgebra y probabilidad. Su objetivo es fomentar una adecuada adquisici\u00f3n de la competencia matem\u00e1tica, que refuerce las formas de an\u00e1lisis y razonamiento matem\u00e1tico, frente a procedimientos y aplicaciones algor\u00edtmicas m\u00e1s mec\u00e1nicas y estandarizadas.<\/p>\n<\/div>\n<\/section>\n<section class=\"row-fluid book-actions\">\n<div class=\"book-definitions span4\"><\/div>\n<\/section>\n","protected":false},"excerpt":{"rendered":"<p>La ense\u00f1anza de las matem\u00e1ticas precisa, en ocasiones, de herramientas como el cine para una mejor comprensi\u00f3n del alumnado.<\/p>\n","protected":false},"featured_media":2775,"comment_status":"open","ping_status":"closed","template":"","meta":[],"product_cat":[95,79],"product_tag":[],"class_list":["post-2792","product","type-product","status-publish","has-post-thumbnail","hentry","product_cat-miradas-matematicas","product_cat-papel"],"_links":{"self":[{"href":"https:\/\/fespm.es\/index.php\/wp-json\/wp\/v2\/product\/2792","targetHints":{"allow":["GET"]}}],"collection":[{"href":"https:\/\/fespm.es\/index.php\/wp-json\/wp\/v2\/product"}],"about":[{"href":"https:\/\/fespm.es\/index.php\/wp-json\/wp\/v2\/types\/product"}],"replies":[{"embeddable":true,"href":"https:\/\/fespm.es\/index.php\/wp-json\/wp\/v2\/comments?post=2792"}],"wp:featuredmedia":[{"embeddable":true,"href":"https:\/\/fespm.es\/index.php\/wp-json\/wp\/v2\/media\/2775"}],"wp:attachment":[{"href":"https:\/\/fespm.es\/index.php\/wp-json\/wp\/v2\/media?parent=2792"}],"wp:term":[{"taxonomy":"product_cat","embeddable":true,"href":"https:\/\/fespm.es\/index.php\/wp-json\/wp\/v2\/product_cat?post=2792"},{"taxonomy":"product_tag","embeddable":true,"href":"https:\/\/fespm.es\/index.php\/wp-json\/wp\/v2\/product_tag?post=2792"}],"curies":[{"name":"wp","href":"https:\/\/api.w.org\/{rel}","templated":true}]}}