{"id":55,"date":"2018-11-22T11:01:37","date_gmt":"2018-11-22T11:01:37","guid":{"rendered":"http:\/\/fespm.semrm.com\/?page_id=55"},"modified":"2025-11-25T01:20:54","modified_gmt":"2025-11-24T23:20:54","slug":"sociedades-federadas","status":"publish","type":"page","link":"https:\/\/fespm.es\/index.php\/sociedades-federadas\/","title":{"rendered":"Sociedades Federadas"},"content":{"rendered":"<ul class=\"spip\">\n<li><a class=\"spip_out\" href=\"http:\/\/feemcat.org\/\" rel=\"external\">Federaci\u00f3 d\u2019Entitats per l\u2019Ensenyament de les Matem\u00e0tiques a Catalunya<\/a><\/li>\n<li><a class=\"spip_out\" href=\"https:\/\/www.saemthales.es\" rel=\"external\">Sociedad Andaluza de Educaci\u00f3n Matem\u00e1tica \u00abThales\u00bb<\/a><\/li>\n<li><a class=\"spip_out\" href=\"https:\/\/sapm.es\" rel=\"external\">Sociedad Aragonesa \u00abPedro S\u00e1nchez Ciruelo\u00bb de Profesores de Matem\u00e1ticas<\/a><\/li>\n<li><a class=\"spip_out\" href=\"http:\/\/www.pedrayes.com\/\" rel=\"external\">Sociedad Asturiana de Educaci\u00f3n Matem\u00e1tica \u00abAgust\u00edn de Pedrayes\u00bb<\/a><\/li>\n<li><a class=\"spip_out\" href=\"https:\/\/scpmluisbalbuena.org\" rel=\"external\">Sociedad Canaria de Profesores de Matem\u00e1ticas \u00abLuis Balbuena Castellano\u00bb<\/a><\/li>\n<li><a class=\"spip_out\" href=\"http:\/\/www.socylem.es\/\" rel=\"external\">Asociaci\u00f3n Castellana y Leonesa de Educaci\u00f3n Matem\u00e1tica \u00abMiguel de Guzm\u00e1n\u00bb<\/a><\/li>\n<li><a class=\"spip_out\" href=\"http:\/\/www.enciga.org\/\" rel=\"external\">Sociedad dos Ensinantes de Ciencia de Galicia (ENCIGA)<\/a><\/li>\n<li><a class=\"spip_out\" href=\"http:\/\/venturareyesprosper.educarex.es\/\" rel=\"external\">Sociedad Extreme\u00f1a de Educaci\u00f3n Matem\u00e1tica \u00abVentura Reyes Pr\u00f3sper\u00bb<\/a><\/li>\n<li><a class=\"spip_out\" href=\"http:\/\/www.smpm.es\/\" rel=\"external\">Sociedad Madrile\u00f1a de Profesores de Matem\u00e1ticas \u00abEmma Castelnuovo\u00bb<\/a><\/li>\n<li><a class=\"spip_out\" href=\"http:\/\/www.sociedadmatematicacantabria.es\/\" rel=\"external\">Sociedad Matem\u00e1tica de Profesores de Cantabria<\/a><\/li>\n<li><a class=\"spip_out\" href=\"https:\/\/sites.google.com\/site\/tornamiranavarra\/home\" rel=\"external\">Sociedad Navarra de Profesores de Matem\u00e1ticas \u00abTornamira\u00bb \/ Matematika lraskasicen Nafar Elkartea Tornamira<\/a><\/li>\n<li><a class=\"spip_out\" href=\"https:\/\/www.ucm.es\/sociedadpuigadam\/\" rel=\"external\">Sociedad \u00abPuiq Adam\u00bb de Profesores de Matem\u00e1ticas<\/a><\/li>\n<li><a class=\"spip_out\" href=\"http:\/\/www.semcv.org\/\" rel=\"external\">Societat d\u2019Educaci\u00f3 Matem\u00e0tica de la Comunitat Valenciana \u00abAl-Khwarizmi\u00bb<\/a><\/li>\n<li><a class=\"spip_out\" href=\"http:\/\/scmpm.centros.castillalamancha.es\" rel=\"external\">Sociedad Castellano Manchega de Profesores de Matem\u00e1ticas (SCMPM)<\/a><\/li>\n<li><a class=\"spip_out\" href=\"http:\/\/www.semrm.com\/\" rel=\"external\">Sociedad de Educaci\u00f3n Matem\u00e1tica de la regi\u00f3n de Murcia (SEMRM)<\/a><\/li>\n<li><a class=\"spip_out\" href=\"http:\/\/www.a-prima.es\/\" rel=\"external\">Sociedad Riojana de Profesores de Matem\u00e1ticas \u00abA Prima\u00bb<\/a><\/li>\n<li><a class=\"spip_out\" href=\"http:\/\/www.agapema.org\/\" rel=\"external\">Asociaci\u00f3n Galega de Profesores de Educaci\u00f3n Matem\u00e1tica (AGAPEMA)<\/a><\/li>\n<li><a class=\"spip_out\" href=\"http:\/\/www.smem.es\/\" rel=\"external\">Sociedad Melillense de Educaci\u00f3n Matem\u00e1tica<\/a><\/li>\n<li><a class=\"spip_out\" href=\"http:\/\/www.xeix.org\/\" rel=\"external\">SBM \u2013 XEIX Societat Balear de Matem\u00e0tiques<\/a><\/li>\n<li><a class=\"spip_out\" href=\"https:\/\/www.emie2011.eus\" rel=\"external\">Sociedad de Profesorado de Matem\u00e1ticas de Euskadi \u2013 Euskadiko Matematika Irakasleen Elkartea \u201cEMIE 20+11\u201d<\/a><\/li>\n<\/ul>\n","protected":false},"excerpt":{"rendered":"<p>Federaci\u00f3 d\u2019Entitats per l\u2019Ensenyament de les Matem\u00e0tiques a Catalunya Sociedad Andaluza de Educaci\u00f3n Matem\u00e1tica \u00abThales\u00bb Sociedad Aragonesa \u00abPedro S\u00e1nchez Ciruelo\u00bb de Profesores de Matem\u00e1ticas Sociedad Asturiana de Educaci\u00f3n Matem\u00e1tica \u00abAgust\u00edn de Pedrayes\u00bb Sociedad Canaria de Profesores de Matem\u00e1ticas \u00abLuis Balbuena Castellano\u00bb Asociaci\u00f3n Castellana y Leonesa de Educaci\u00f3n Matem\u00e1tica \u00abMiguel de Guzm\u00e1n\u00bb Sociedad dos Ensinantes de [&hellip;]<\/p>\n","protected":false},"author":1,"featured_media":0,"parent":0,"menu_order":0,"comment_status":"closed","ping_status":"closed","template":"","meta":{"footnotes":""},"class_list":["post-55","page","type-page","status-publish","hentry"],"_links":{"self":[{"href":"https:\/\/fespm.es\/index.php\/wp-json\/wp\/v2\/pages\/55","targetHints":{"allow":["GET"]}}],"collection":[{"href":"https:\/\/fespm.es\/index.php\/wp-json\/wp\/v2\/pages"}],"about":[{"href":"https:\/\/fespm.es\/index.php\/wp-json\/wp\/v2\/types\/page"}],"author":[{"embeddable":true,"href":"https:\/\/fespm.es\/index.php\/wp-json\/wp\/v2\/users\/1"}],"replies":[{"embeddable":true,"href":"https:\/\/fespm.es\/index.php\/wp-json\/wp\/v2\/comments?post=55"}],"version-history":[{"count":10,"href":"https:\/\/fespm.es\/index.php\/wp-json\/wp\/v2\/pages\/55\/revisions"}],"predecessor-version":[{"id":3426,"href":"https:\/\/fespm.es\/index.php\/wp-json\/wp\/v2\/pages\/55\/revisions\/3426"}],"wp:attachment":[{"href":"https:\/\/fespm.es\/index.php\/wp-json\/wp\/v2\/media?parent=55"}],"curies":[{"name":"wp","href":"https:\/\/api.w.org\/{rel}","templated":true}]}}