{"id":2737,"date":"2024-01-11T14:36:49","date_gmt":"2024-01-11T12:36:49","guid":{"rendered":"https:\/\/fespm.es\/?page_id=2737"},"modified":"2024-01-11T14:36:50","modified_gmt":"2024-01-11T12:36:50","slug":"proyecto-matrix","status":"publish","type":"page","link":"https:\/\/fespm.es\/index.php\/proyecto-matrix\/","title":{"rendered":"PROYECTO MATRIX"},"content":{"rendered":"\n<h3 class=\"wp-block-heading\"><strong>PROYECTO MATRIX (Math Trails with an Inclusive Perspective on Students Experiences) \u2013 N\u00ba: 2023-<\/strong> <strong>KA220-SCH<\/strong><\/h3>\n\n\n\n<figure class=\"wp-block-image size-large\"><img loading=\"lazy\" decoding=\"async\" width=\"1024\" height=\"126\" src=\"https:\/\/fespm.es\/wp-content\/uploads\/2024\/01\/matrix-1024x126.jpg\" alt=\"\" class=\"wp-image-2738\" srcset=\"https:\/\/fespm.es\/wp-content\/uploads\/2024\/01\/matrix-1024x126.jpg 1024w, https:\/\/fespm.es\/wp-content\/uploads\/2024\/01\/matrix-300x37.jpg 300w, https:\/\/fespm.es\/wp-content\/uploads\/2024\/01\/matrix-768x94.jpg 768w, https:\/\/fespm.es\/wp-content\/uploads\/2024\/01\/matrix-600x74.jpg 600w, https:\/\/fespm.es\/wp-content\/uploads\/2024\/01\/matrix.jpg 1189w\" sizes=\"auto, (max-width: 1024px) 100vw, 1024px\" \/><\/figure>\n\n\n\n<p><a rel=\"noreferrer noopener\" href=\"https:\/\/matrix-project.eu\/\" target=\"_blank\"><strong>https:\/\/matrix-project.eu\/<\/strong><\/a><\/p>\n\n\n\n<p>Este proyecto ha sido aprobado en la convocatoria de propuestas Erasmus + de marzo de 2023 y contin\u00faa avanzando con las rutas matem\u00e1ticas a trav\u00e9s de MathCityMap. La FESPM participa como instituci\u00f3n asociada y la primera reuni\u00f3n tuvo lugar del 5 al 7 de octubre en Viana do Castelo (Portugal).<\/p>\n","protected":false},"excerpt":{"rendered":"<p>PROYECTO MATRIX (Math Trails with an Inclusive Perspective on Students Experiences) \u2013 N\u00ba: 2023- KA220-SCH https:\/\/matrix-project.eu\/ Este proyecto ha sido aprobado en la convocatoria de propuestas Erasmus + de marzo de 2023 y contin\u00faa avanzando con las rutas matem\u00e1ticas a trav\u00e9s de MathCityMap. La FESPM participa como instituci\u00f3n asociada y la primera reuni\u00f3n tuvo lugar [&hellip;]<\/p>\n","protected":false},"author":1,"featured_media":0,"parent":0,"menu_order":0,"comment_status":"closed","ping_status":"closed","template":"","meta":{"footnotes":""},"class_list":["post-2737","page","type-page","status-publish","hentry"],"_links":{"self":[{"href":"https:\/\/fespm.es\/index.php\/wp-json\/wp\/v2\/pages\/2737","targetHints":{"allow":["GET"]}}],"collection":[{"href":"https:\/\/fespm.es\/index.php\/wp-json\/wp\/v2\/pages"}],"about":[{"href":"https:\/\/fespm.es\/index.php\/wp-json\/wp\/v2\/types\/page"}],"author":[{"embeddable":true,"href":"https:\/\/fespm.es\/index.php\/wp-json\/wp\/v2\/users\/1"}],"replies":[{"embeddable":true,"href":"https:\/\/fespm.es\/index.php\/wp-json\/wp\/v2\/comments?post=2737"}],"version-history":[{"count":1,"href":"https:\/\/fespm.es\/index.php\/wp-json\/wp\/v2\/pages\/2737\/revisions"}],"predecessor-version":[{"id":2739,"href":"https:\/\/fespm.es\/index.php\/wp-json\/wp\/v2\/pages\/2737\/revisions\/2739"}],"wp:attachment":[{"href":"https:\/\/fespm.es\/index.php\/wp-json\/wp\/v2\/media?parent=2737"}],"curies":[{"name":"wp","href":"https:\/\/api.w.org\/{rel}","templated":true}]}}