{"id":2306,"date":"2022-07-08T21:52:21","date_gmt":"2022-07-08T19:52:21","guid":{"rendered":"https:\/\/fespm.es\/?page_id=2306"},"modified":"2022-07-08T21:52:23","modified_gmt":"2022-07-08T19:52:23","slug":"contacto-comunicacion","status":"publish","type":"page","link":"https:\/\/fespm.es\/index.php\/contacto-comunicacion\/","title":{"rendered":"Contacto Comunicaci\u00f3n"},"content":{"rendered":"\n<div class=\"wp-block-cover alignfull has-background-dim\" style=\"min-height:300px;aspect-ratio:unset;\"><img loading=\"lazy\" decoding=\"async\" width=\"1920\" height=\"2560\" class=\"wp-block-cover__image-background wp-image-2307\" alt=\"\" src=\"https:\/\/fespm.es\/wp-content\/uploads\/2022\/07\/pexels-flo-dahm-699459-scaled.jpg\" style=\"object-position:50% 70%\" data-object-fit=\"cover\" data-object-position=\"50% 70%\" srcset=\"https:\/\/fespm.es\/wp-content\/uploads\/2022\/07\/pexels-flo-dahm-699459-scaled.jpg 1920w, https:\/\/fespm.es\/wp-content\/uploads\/2022\/07\/pexels-flo-dahm-699459-225x300.jpg 225w, https:\/\/fespm.es\/wp-content\/uploads\/2022\/07\/pexels-flo-dahm-699459-768x1024.jpg 768w, https:\/\/fespm.es\/wp-content\/uploads\/2022\/07\/pexels-flo-dahm-699459-1152x1536.jpg 1152w, https:\/\/fespm.es\/wp-content\/uploads\/2022\/07\/pexels-flo-dahm-699459-1536x2048.jpg 1536w, https:\/\/fespm.es\/wp-content\/uploads\/2022\/07\/pexels-flo-dahm-699459-600x800.jpg 600w\" sizes=\"auto, (max-width: 1920px) 100vw, 1920px\" \/><div class=\"wp-block-cover__inner-container is-layout-flow wp-block-cover-is-layout-flow\">\n<p class=\"has-text-align-center has-large-font-size\">Gabinete de Comunicaci\u00f3n<\/p>\n<\/div><\/div>\n\n\n\n<div style=\"height:42px\" aria-hidden=\"true\" class=\"wp-block-spacer\"><\/div>\n\n\n\n<p>Desde el<strong> Gabinete de Comunicaci\u00f3n de la FESPM<\/strong> trabajamos para establecer y fomentar una relaci\u00f3n profesional y de confianza con los medios informativos. Para ello nos ponemos a disposici\u00f3n de los periodistas que, interesados en las Matem\u00e1ticas, su ense\u00f1anza, divulgaci\u00f3n&#8230;, quieran realizar consultas, ampliar informaci\u00f3n o contar con la participaci\u00f3n de expertos en la matem\u00e1tica.<br><br>Los medios de comunicaci\u00f3n tienen una funci\u00f3n clave en la divulgaci\u00f3n cient\u00edfica y nuestro objetivo es facilitarles esta labor lo m\u00e1ximo posible.<\/p>\n\n\n\n<p>Para contactar con el Gabinete use uno de los siguientes medios<\/p>\n\n\n\n<figure class=\"wp-block-image size-large\"><img loading=\"lazy\" decoding=\"async\" width=\"174\" height=\"38\" src=\"https:\/\/fespm.es\/wp-content\/uploads\/2022\/07\/email_comunicacion.png\" alt=\"\" class=\"wp-image-2308\"\/><\/figure>\n\n\n\n<figure class=\"wp-block-image size-large\"><img loading=\"lazy\" decoding=\"async\" width=\"145\" height=\"50\" src=\"https:\/\/fespm.es\/wp-content\/uploads\/2022\/07\/telefono_comunicacion.png\" alt=\"\" class=\"wp-image-2309\"\/><\/figure>\n","protected":false},"excerpt":{"rendered":"<p>Desde el Gabinete de Comunicaci\u00f3n de la FESPM trabajamos para establecer y fomentar una relaci\u00f3n profesional y de confianza con los medios informativos. Para ello nos ponemos a disposici\u00f3n de los periodistas que, interesados en las Matem\u00e1ticas, su ense\u00f1anza, divulgaci\u00f3n&#8230;, quieran realizar consultas, ampliar informaci\u00f3n o contar con la participaci\u00f3n de expertos en la matem\u00e1tica. [&hellip;]<\/p>\n","protected":false},"author":1,"featured_media":0,"parent":0,"menu_order":0,"comment_status":"closed","ping_status":"closed","template":"","meta":{"footnotes":""},"class_list":["post-2306","page","type-page","status-publish","hentry"],"_links":{"self":[{"href":"https:\/\/fespm.es\/index.php\/wp-json\/wp\/v2\/pages\/2306","targetHints":{"allow":["GET"]}}],"collection":[{"href":"https:\/\/fespm.es\/index.php\/wp-json\/wp\/v2\/pages"}],"about":[{"href":"https:\/\/fespm.es\/index.php\/wp-json\/wp\/v2\/types\/page"}],"author":[{"embeddable":true,"href":"https:\/\/fespm.es\/index.php\/wp-json\/wp\/v2\/users\/1"}],"replies":[{"embeddable":true,"href":"https:\/\/fespm.es\/index.php\/wp-json\/wp\/v2\/comments?post=2306"}],"version-history":[{"count":2,"href":"https:\/\/fespm.es\/index.php\/wp-json\/wp\/v2\/pages\/2306\/revisions"}],"predecessor-version":[{"id":2311,"href":"https:\/\/fespm.es\/index.php\/wp-json\/wp\/v2\/pages\/2306\/revisions\/2311"}],"wp:attachment":[{"href":"https:\/\/fespm.es\/index.php\/wp-json\/wp\/v2\/media?parent=2306"}],"curies":[{"name":"wp","href":"https:\/\/api.w.org\/{rel}","templated":true}]}}